{"id":6,"date":"2019-09-02T07:23:47","date_gmt":"2019-09-02T07:23:47","guid":{"rendered":"https:\/\/belvalor.ch\/staging\/?p=6"},"modified":"2024-05-02T22:03:18","modified_gmt":"2024-05-02T20:03:18","slug":"anlagephilosophie","status":"publish","type":"page","link":"https:\/\/belvalor.ch\/staging\/anlagephilosophie\/","title":{"rendered":"Anlagephilosophie"},"content":{"rendered":"<h1>Anlagephilosophie<\/h1>\n<div>\n<p>Qualit\u00e4t steht im Mittelpunkt unserer Investitionsentscheidungen<\/p>\n<\/div>\n<p><img decoding=\"async\" src=\"\/staging\/wp-content\/uploads\/2024\/04\/Header-Belvalor-Anlagephilosophie_2-scaled.jpg\" alt=\"\"><\/p>\n<h1>Anlagephilosophie<\/h1>\n<div>\n<p>Qualit\u00e4t steht im Mittelpunkt unserer Investitionsentscheidungen<\/p>\n<\/div>\n<p><img decoding=\"async\" src=\"\/staging\/wp-content\/uploads\/2024\/04\/Header-Belvalor-Anlagephilosophie_2-scaled.jpg\" alt=\"\"><\/p>\n<h2>Wir bilden uns unsere eigene Meinung<\/h2>\n<p><img decoding=\"async\" src=\"\/staging\/wp-content\/uploads\/2024\/04\/subline.png\" alt=\"\"><\/p>\n<div>Bei Belvalor nehmen wir uns die Zeit, Unternehmen umfassend zu analysieren, um ein detailliertes Verst\u00e4ndnis f\u00fcr die Gesch\u00e4ftsmodelle, Strategien und Finanzkennzahlen zu entwickeln. Firmenbesuche, Aktienkonferenzen und Analystenpr\u00e4sentationen sind ein essenzieller Bestandteil unserer Informationsbeschaffung. Dabei erhalten wir wertvolle Informationen aus erster Hand, die uns dabei helfen, fundierte und gut informierte Anlageentscheidungen zu treffen. Dar\u00fcber hinaus nutzen wir unabh\u00e4ngige Finanzanalysen von Drittanbietern als Erg\u00e4nzung zu unseren eigenen Einsch\u00e4tzungen. Diese externen Quellen liefern uns weitere Einblicke und Einsch\u00e4tzungen zu den Unternehmen und M\u00e4rkten. Die Kombination aus unserer eigenen gr\u00fcndlichen Analyse und den Informationen von Drittanbietern erm\u00f6glicht es uns, eine Meinungsbildung zu erreichen, die auf einem breiten und vielf\u00e4ltigen Wissensspektrum basiert.<\/div>\n<h2>Wir bilden uns unsere eigene Meinung<\/h2>\n<p><img decoding=\"async\" src=\"\/staging\/wp-content\/uploads\/2024\/04\/subline.png\" alt=\"\"><\/p>\n<div>Bei Belvalor nehmen wir uns die Zeit, Unternehmen umfassend zu analysieren, um ein detailliertes Verst\u00e4ndnis f\u00fcr die Gesch\u00e4ftsmodelle, Strategien und Finanzkennzahlen zu entwickeln. Firmenbesuche, Aktienkonferenzen und Analystenpr\u00e4sentationen sind ein essenzieller Bestandteil unserer Informationsbeschaffung. Dabei erhalten wir wertvolle Informationen aus erster Hand, die uns dabei helfen, fundierte und gut informierte Anlageentscheidungen zu treffen. Dar\u00fcber hinaus nutzen wir unabh\u00e4ngige Finanzanalysen von Drittanbietern als Erg\u00e4nzung zu unseren eigenen Einsch\u00e4tzungen. Diese externen Quellen liefern uns weitere Einblicke und Einsch\u00e4tzungen zu den Unternehmen und M\u00e4rkten. Die Kombination aus unserer eigenen gr\u00fcndlichen Analyse und den Informationen von Drittanbietern erm\u00f6glicht es uns, eine Meinungsbildung zu erreichen, die auf einem breiten und vielf\u00e4ltigen Wissensspektrum basiert.<\/div>\n<h2>Anlagekonzept &#8211; Fokus auf Direktanlagen<\/h2>\n<p><img decoding=\"async\" src=\"\/staging\/wp-content\/uploads\/2024\/04\/subline.png\" alt=\"\"><\/p>\n<div>\n<h5>Unser Verm\u00f6genskonzept basiert auf der Kombination der Faktoren Qualit\u00e4t, Bewertung und Zeitpunkt. Wir konzentrieren uns dabei auf transparente, kosteneffiziente und liquide Anlagen. F\u00fcr alternative Anlagen verf\u00fcgen wir \u00fcber ein profundes Netzwerk.<\/h5>\n<\/div>\n<ul>\n<li>\n<p><img decoding=\"async\" src=\"\/staging\/wp-content\/uploads\/2024\/04\/Anlagephilosophie-Qualitaet-1.jpg\" alt=\"\"><\/p>\n<h3>Qualit\u00e4t<\/h3>\n<p><span class=\"uk-link-reset\"><a href=\"\" >Kriterium 1<\/a><\/span><\/p>\n<div>Qualit\u00e4t ist bei unseren Investitionsentscheidungen das Kernkriterium. Gesch\u00e4ftsmodell und F\u00fchrung sowie Solidit\u00e4t m\u00fcssen uns \u00fcberzeugen. Unternehmen, in welche wir investieren, m\u00fcssen f\u00e4hig sein, auch schwierige Marktphasen zu meistern und sich weiterzuentwickeln. Ein Schl\u00fcsselfaktor hierf\u00fcr sind robuste und hohe Gewinnmargen.<\/div>\n<p><a href=\"#\"><\/a><\/p>\n<\/li>\n<li>\n<p><img decoding=\"async\" src=\"\/staging\/wp-content\/uploads\/2024\/04\/Anlagephilosophie-Bewertung_2.jpg\" alt=\"\"><\/p>\n<h3>Bewertung<\/h3>\n<p><span class=\"uk-link-reset\"><a href=\"\" >Kriterium 2<\/a><\/span><\/p>\n<div>Neben der operativen Leistung eines Unternehmens spielt dessen Kaufpreis eine wesentliche Rolle als  Erfolgsfaktor f\u00fcr die Investitionsrendite. Wir sind bestrebt, in attraktiv bewertete Titel zu investieren und Phasen von \u00dcberbewertungen f\u00fcr Gewinnmitnahmen zu nutzen.<\/div>\n<p><a href=\"#\"><\/a><\/p>\n<\/li>\n<li>\n<p><img decoding=\"async\" src=\"\/staging\/wp-content\/uploads\/2024\/04\/Anlagephilosophie-Zeitpunkt-1.jpg\" alt=\"\"><\/p>\n<h3>Zeitpunkt<\/h3>\n<p><span class=\"uk-link-reset\"><a href=\"\" >Kriterium 3<\/a><\/span><\/p>\n<div>Finanzm\u00e4rkte werden von einer Vielzahl von Faktoren beeinflusst, welche kurzfristig schwer vorhersehbar sind. Unser Ansatz basiert darauf, langfristige Marktentwicklungen sorgf\u00e4ltig zu analysieren und unsere Anlagen danach auszurichten. <\/div>\n<p><a href=\"#\"><\/a><\/p>\n<\/li>\n<\/ul>\n<h2>Anlagekonzept &#8211; Fokus auf Direktanlagen<\/h2>\n<p><img decoding=\"async\" src=\"\/staging\/wp-content\/uploads\/2024\/04\/subline.png\" alt=\"\"><\/p>\n<div>Unser Verm\u00f6genskonzept basiert auf der Kombination der Faktoren Qualit\u00e4t, Bewertung und Zeitpunkt. Wir konzentrieren uns dabei auf transparente, kosteneffiziente und liquide Anlagen. F\u00fcr alternative Anlagen verf\u00fcgen wir \u00fcber ein profundes Netzwerk.<\/div>\n<ul>\n<li>\n<p><img decoding=\"async\" src=\"\/staging\/wp-content\/uploads\/2024\/04\/Anlagephilosophie-Qualitaet-1.jpg\" alt=\"\"><\/p>\n<h3>Qualit\u00e4t<\/h3>\n<p><span class=\"uk-link-reset\"><a href=\"\" >Kriterium 1<\/a><\/span><\/p>\n<div>Qualit\u00e4t ist bei unseren Investitionsentscheidungen das Kernkriterium. Gesch\u00e4ftsmodell und F\u00fchrung sowie Solidit\u00e4t m\u00fcssen uns \u00fcberzeugen. Unternehmen, in welche wir investieren, m\u00fcssen f\u00e4hig sein, auch schwierige Marktphasen zu meistern und sich weiterzuentwickeln. Ein Schl\u00fcsselfaktor hierf\u00fcr sind robuste und hohe Gewinnmargen.<\/div>\n<p><a href=\"#\"><\/a><\/p>\n<\/li>\n<li>\n<p><img decoding=\"async\" src=\"\/staging\/wp-content\/uploads\/2024\/04\/Anlagephilosophie-Bewertung_2.jpg\" alt=\"\"><\/p>\n<h3>Bewertung<\/h3>\n<p><span class=\"uk-link-reset\"><a href=\"\" >Kriterium 2<\/a><\/span><\/p>\n<div>Neben der operativen Leistung eines Unternehmens spielt dessen Kaufpreis eine wesentliche Rolle als  Erfolgsfaktor f\u00fcr die Investitionsrendite. Wir sind bestrebt, in attraktiv bewertete Titel zu investieren und Phasen von \u00dcberbewertungen f\u00fcr Gewinnmitnahmen zu nutzen.<\/div>\n<p><a href=\"#\"><\/a><\/p>\n<\/li>\n<li>\n<p><img decoding=\"async\" src=\"\/staging\/wp-content\/uploads\/2024\/04\/Anlagephilosophie-Zeitpunkt-1.jpg\" alt=\"\"><\/p>\n<h3>Zeitpunkt<\/h3>\n<p><span class=\"uk-link-reset\"><a href=\"\" >Kriterium 3<\/a><\/span><\/p>\n<div>Finanzm\u00e4rkte werden von einer Vielzahl von Faktoren beeinflusst, welche kurzfristig schwer vorhersehbar sind. Unser Ansatz basiert darauf, langfristige Marktentwicklungen sorgf\u00e4ltig zu analysieren und unsere Anlagen danach auszurichten. <\/div>\n<p><a href=\"#\"><\/a><\/p>\n<\/li>\n<\/ul>\n<p><!--more--><br \/>\n<!-- {\"type\":\"layout\",\"children\":[{\"name\":\"Hero Desktop\",\"type\":\"section\",\"props\":{\"animation\":\"fade\",\"class\":\"uk-visible@m\",\"header_overlay\":\"light\",\"header_transparent\":false,\"header_transparent_text_color\":\"dark\",\"height_viewport\":450,\"image_loading\":true,\"image_position\":\"center-right\",\"media\":\"images\\\/home-header.jpg\",\"media_advanced\":true,\"overlap\":false,\"padding\":\"none\",\"padding_remove_bottom\":true,\"padding_remove_top\":true,\"preserve_color\":false,\"style\":\"primary\",\"title_breakpoint\":\"xl\",\"title_position\":\"top-left\",\"title_rotation\":\"left\",\"vertical_align\":\"middle\",\"width\":\"xlarge\",\"width_expand\":\"right\"},\"children\":[{\"type\":\"row\",\"props\":{\"column_gap\":\"collapse\",\"divider\":false,\"height_viewport\":450,\"layout\":\"1-2,1-2\",\"margin\":\"remove-vertical\",\"margin_remove_bottom\":false,\"margin_remove_top\":false,\"match\":false,\"padding_remove_horizontal\":false,\"row_gap\":\"collapse\",\"vertical_align\":false,\"width\":\"expand\"},\"children\":[{\"type\":\"column\",\"props\":{\"image_position\":\"center-center\",\"padding\":\"large\",\"position_sticky_breakpoint\":\"m\",\"preserve_color\":false,\"vertical_align\":\"middle\",\"width_medium\":\"1-2\"},\"children\":[{\"name\":\"Headline\",\"type\":\"headline\",\"props\":{\"content\":\"Anlagephilosophie\",\"margin_remove_bottom\":false,\"margin_remove_top\":false,\"position_left\":\"100\",\"text_align\":\"left\",\"title_element\":\"h1\",\"title_style\":\"heading-medium\"}},{\"name\":\"Text\",\"type\":\"text\",\"props\":{\"column_breakpoint\":\"s\",\"column_divider\":false,\"content\":\"\n\n<p>Qualit\\u00e4t steht im Mittelpunkt unserer Investitionsentscheidungen<\\\/p>\",\"margin\":\"default\",\"position_left\":\"100\",\"text_align\":\"left\"}}]},{\"type\":\"column\",\"props\":{\"image_loading\":true,\"image_position\":\"center-center\",\"image_size\":\"cover\",\"padding\":\"none\",\"position_sticky_breakpoint\":\"m\",\"preserve_color\":false,\"width_medium\":\"1-2\"},\"children\":[{\"type\":\"image\",\"props\":{\"container_padding_remove\":true,\"height_expand\":true,\"image\":\"wp-content\\\/uploads\\\/2024\\\/04\\\/Header-Belvalor-Anlagephilosophie_2-scaled.jpg\",\"image_loading\":true,\"image_svg_color\":\"emphasis\",\"margin\":\"remove-vertical\",\"position_right\":\"-40\",\"text_align\":\"right\"}}]}]}]},{\"name\":\"Hero Mobile\",\"type\":\"section\",\"props\":{\"animation\":\"fade\",\"class\":\"uk-hidden@m\",\"header_overlay\":\"light\",\"header_transparent\":false,\"header_transparent_text_color\":\"dark\",\"height_viewport\":450,\"image_loading\":true,\"image_position\":\"center-right\",\"media\":\"images\\\/home-header.jpg\",\"media_advanced\":true,\"overlap\":false,\"padding\":\"none\",\"padding_remove_bottom\":true,\"padding_remove_horizontal\":true,\"padding_remove_top\":true,\"preserve_color\":false,\"style\":\"primary\",\"title_breakpoint\":\"xl\",\"title_position\":\"top-left\",\"title_rotation\":\"left\",\"vertical_align\":\"middle\",\"width\":\"xlarge\",\"width_expand\":\"right\"},\"children\":[{\"type\":\"row\",\"props\":{\"column_gap\":\"collapse\",\"divider\":false,\"height_viewport\":450,\"margin\":\"remove-vertical\",\"margin_remove_bottom\":true,\"margin_remove_top\":true,\"match\":false,\"padding_remove_horizontal\":false,\"row_gap\":\"collapse\",\"vertical_align\":false,\"width\":\"expand\"},\"children\":[{\"type\":\"column\",\"props\":{\"image_position\":\"center-center\",\"padding\":\"small\",\"position_sticky_breakpoint\":\"m\",\"preserve_color\":false,\"style\":\"tile-primary\",\"vertical_align\":\"middle\"},\"children\":[{\"name\":\"Headline\",\"type\":\"headline\",\"props\":{\"content\":\"Anlagephilosophie\",\"margin_remove_bottom\":false,\"margin_remove_top\":false,\"position_left\":\"100\",\"text_align\":\"left\",\"title_element\":\"h1\",\"title_style\":\"heading-small\"}},{\"name\":\"Text\",\"type\":\"text\",\"props\":{\"column_breakpoint\":\"s\",\"column_divider\":false,\"content\":\"\n\n<p>Qualit\\u00e4t steht im Mittelpunkt unserer Investitionsentscheidungen<\\\/p>\",\"margin\":\"default\",\"margin_remove_bottom\":false,\"position_left\":\"100\",\"text_align\":\"left\",\"text_style\":\"small\"}}]}]},{\"type\":\"row\",\"children\":[{\"type\":\"column\",\"props\":{\"image_position\":\"center-center\",\"position_sticky_breakpoint\":\"m\"},\"children\":[{\"type\":\"image\",\"props\":{\"container_padding_remove\":true,\"height_expand\":true,\"image\":\"wp-content\\\/uploads\\\/2024\\\/04\\\/Header-Belvalor-Anlagephilosophie_2-scaled.jpg\",\"image_loading\":true,\"image_svg_color\":\"emphasis\",\"margin\":\"remove-vertical\",\"position_right\":\"-40\"}}]}]}]},{\"type\":\"section\",\"props\":{\"class\":\"uk-visible@m\",\"image_position\":\"center-center\",\"padding\":\"large\",\"style\":\"muted\",\"title_breakpoint\":\"xl\",\"title_position\":\"top-left\",\"title_rotation\":\"left\",\"vertical_align\":\"middle\",\"width\":\"xlarge\"},\"children\":[{\"type\":\"row\",\"children\":[{\"type\":\"column\",\"props\":{\"image_position\":\"center-center\",\"position_sticky_breakpoint\":\"m\"},\"children\":[{\"name\":\"Headline\",\"type\":\"headline\",\"props\":{\"content\":\"Wir bilden uns unsere eigene Meinung\",\"title_element\":\"h2\",\"title_style\":\"h1\"}},{\"type\":\"image\",\"props\":{\"image\":\"wp-content\\\/uploads\\\/2024\\\/04\\\/subline.png\",\"image_svg_color\":\"emphasis\",\"margin\":\"default\",\"position\":\"relative\",\"position_top\":\"-12\"},\"name\":\"Subline_Gold\"},{\"name\":\"Text Columns Halves\",\"type\":\"text\",\"props\":{\"column\":\"1-2\",\"column_breakpoint\":\"s\",\"column_divider\":false,\"content\":\"Bei Belvalor nehmen wir uns die Zeit, Unternehmen umfassend zu analysieren, um ein detailliertes Verst\\u00e4ndnis f\\u00fcr die Gesch\\u00e4ftsmodelle, Strategien und Finanzkennzahlen zu entwickeln. Firmenbesuche, Aktienkonferenzen und Analystenpr\\u00e4sentationen sind ein essenzieller Bestandteil unserer Informationsbeschaffung. Dabei erhalten wir wertvolle Informationen aus erster Hand, die uns dabei helfen, fundierte und gut informierte Anlageentscheidungen zu treffen. Dar\\u00fcber hinaus nutzen wir unabh\\u00e4ngige Finanzanalysen von Drittanbietern als Erg\\u00e4nzung zu unseren eigenen Einsch\\u00e4tzungen. Diese externen Quellen liefern uns weitere Einblicke und Einsch\\u00e4tzungen zu den Unternehmen und M\\u00e4rkten. Die Kombination aus unserer eigenen gr\\u00fcndlichen Analyse und den Informationen von Drittanbietern erm\\u00f6glicht es uns, eine Meinungsbildung zu erreichen, die auf einem breiten und vielf\\u00e4ltigen Wissensspektrum basiert.\",\"margin\":\"default\",\"margin_remove_bottom\":false,\"text_align\":\"left\"}}]}]}],\"name\":\"Eigene Meinung Desktop\"},{\"type\":\"section\",\"props\":{\"class\":\"uk-hidden@m\",\"image_position\":\"center-center\",\"padding\":\"large\",\"style\":\"muted\",\"title_breakpoint\":\"xl\",\"title_position\":\"top-left\",\"title_rotation\":\"left\",\"vertical_align\":\"middle\",\"width\":\"xlarge\"},\"children\":[{\"type\":\"row\",\"children\":[{\"type\":\"column\",\"props\":{\"image_position\":\"center-center\",\"position_sticky_breakpoint\":\"m\"},\"children\":[{\"name\":\"Headline\",\"type\":\"headline\",\"props\":{\"content\":\"Wir bilden uns unsere eigene Meinung\",\"title_element\":\"h2\",\"title_style\":\"heading-small\"}},{\"type\":\"image\",\"props\":{\"image\":\"wp-content\\\/uploads\\\/2024\\\/04\\\/subline.png\",\"image_svg_color\":\"emphasis\",\"margin\":\"default\",\"position\":\"relative\",\"position_top\":\"-12\"},\"name\":\"Subline_Gold\"},{\"name\":\"Text Columns Halves\",\"type\":\"text\",\"props\":{\"column\":\"1-2\",\"column_breakpoint\":\"s\",\"column_divider\":false,\"content\":\"Bei Belvalor nehmen wir uns die Zeit, Unternehmen umfassend zu analysieren, um ein detailliertes Verst\\u00e4ndnis f\\u00fcr die Gesch\\u00e4ftsmodelle, Strategien und Finanzkennzahlen zu entwickeln. Firmenbesuche, Aktienkonferenzen und Analystenpr\\u00e4sentationen sind ein essenzieller Bestandteil unserer Informationsbeschaffung. Dabei erhalten wir wertvolle Informationen aus erster Hand, die uns dabei helfen, fundierte und gut informierte Anlageentscheidungen zu treffen. Dar\\u00fcber hinaus nutzen wir unabh\\u00e4ngige Finanzanalysen von Drittanbietern als Erg\\u00e4nzung zu unseren eigenen Einsch\\u00e4tzungen. Diese externen Quellen liefern uns weitere Einblicke und Einsch\\u00e4tzungen zu den Unternehmen und M\\u00e4rkten. Die Kombination aus unserer eigenen gr\\u00fcndlichen Analyse und den Informationen von Drittanbietern erm\\u00f6glicht es uns, eine Meinungsbildung zu erreichen, die auf einem breiten und vielf\\u00e4ltigen Wissensspektrum basiert.\",\"margin\":\"default\",\"margin_remove_bottom\":false,\"text_align\":\"left\",\"text_style\":\"small\"}}]}]}],\"name\":\"Eigene Meinung Mobile\"},{\"type\":\"section\",\"props\":{\"class\":\"uk-visible@m\",\"image_position\":\"center-center\",\"style\":\"default\",\"title_breakpoint\":\"xl\",\"title_position\":\"top-left\",\"title_rotation\":\"left\",\"vertical_align\":\"middle\",\"width\":\"xlarge\"},\"children\":[{\"type\":\"row\",\"children\":[{\"type\":\"column\",\"props\":{\"image_position\":\"center-center\",\"position_sticky_breakpoint\":\"m\"},\"children\":[{\"name\":\"Headline\",\"type\":\"headline\",\"props\":{\"content\":\"Anlagekonzept - Fokus auf Direktanlagen\",\"title_element\":\"h2\",\"title_style\":\"h1\"}},{\"type\":\"image\",\"props\":{\"image\":\"wp-content\\\/uploads\\\/2024\\\/04\\\/subline.png\",\"image_svg_color\":\"emphasis\",\"margin\":\"default\",\"position\":\"relative\",\"position_top\":\"-12\"},\"name\":\"Subline_Gold\"},{\"name\":\"Text\",\"type\":\"text\",\"props\":{\"block_align\":\"center\",\"column_breakpoint\":\"m\",\"content\":\"\n\n<h5>Unser Verm\\u00f6genskonzept basiert auf der Kombination der Faktoren Qualit\\u00e4t, Bewertung und Zeitpunkt. Wir konzentrieren uns dabei auf transparente, kosteneffiziente und liquide Anlagen. F\\u00fcr alternative Anlagen verf\\u00fcgen wir \\u00fcber ein profundes Netzwerk.<\\\/h5>\",\"margin\":\"medium\",\"text_align\":\"left\"}},{\"name\":\"Grid Panel Title Left Image Right\",\"type\":\"grid\",\"children\":[{\"type\":\"grid_item\",\"props\":{\"content\":\"Qualit\\u00e4t ist bei unseren Investitionsentscheidungen das Kernkriterium. Gesch\\u00e4ftsmodell und F\\u00fchrung sowie Solidit\\u00e4t m\\u00fcssen uns \\u00fcberzeugen. Unternehmen, in welche wir investieren, m\\u00fcssen f\\u00e4hig sein, auch schwierige Marktphasen zu meistern und sich weiterzuentwickeln. Ein Schl\\u00fcsselfaktor hierf\\u00fcr sind robuste und hohe Gewinnmargen.\",\"image\":\"wp-content\\\/uploads\\\/2024\\\/04\\\/Anlagephilosophie-Qualitaet-1.jpg\",\"link\":\"#\",\"meta\":\"<span class=\\\"uk-link-reset\\\"><a href=\\\"\\\" >Kriterium 1<\\\/a><\\\/span>\",\"title\":\"Qualit\\u00e4t\"}},{\"type\":\"grid_item\",\"props\":{\"content\":\"Neben der operativen Leistung eines Unternehmens spielt dessen Kaufpreis eine wesentliche Rolle als  Erfolgsfaktor f\\u00fcr die Investitionsrendite. Wir sind bestrebt, in attraktiv bewertete Titel zu investieren und Phasen von \\u00dcberbewertungen f\\u00fcr Gewinnmitnahmen zu nutzen.\",\"image\":\"wp-content\\\/uploads\\\/2024\\\/04\\\/Anlagephilosophie-Bewertung_2.jpg\",\"link\":\"#\",\"meta\":\"<span class=\\\"uk-link-reset\\\"><a href=\\\"\\\" >Kriterium 2<\\\/a><\\\/span>\",\"title\":\"Bewertung\"}},{\"type\":\"grid_item\",\"props\":{\"content\":\"Finanzm\\u00e4rkte werden von einer Vielzahl von Faktoren beeinflusst, welche kurzfristig schwer vorhersehbar sind. Unser Ansatz basiert darauf, langfristige Marktentwicklungen sorgf\\u00e4ltig zu analysieren und unsere Anlagen danach auszurichten. \",\"image\":\"wp-content\\\/uploads\\\/2024\\\/04\\\/Anlagephilosophie-Zeitpunkt-1.jpg\",\"link\":\"#\",\"meta\":\"<span class=\\\"uk-link-reset\\\"><a href=\\\"\\\" >Kriterium 3<\\\/a><\\\/span>\",\"title\":\"Zeitpunkt\"}}],\"props\":{\"content_align\":false,\"content_column_breakpoint\":\"m\",\"content_dropcap\":false,\"filter_align\":\"left\",\"filter_all\":true,\"filter_grid_breakpoint\":\"m\",\"filter_grid_width\":\"auto\",\"filter_position\":\"top\",\"filter_style\":\"tab\",\"grid_default\":\"1\",\"grid_divider\":true,\"grid_medium\":\"\",\"icon_width\":80,\"image_align\":\"right\",\"image_grid_breakpoint\":\"s\",\"image_grid_width\":\"1-3\",\"image_link\":true,\"image_svg_color\":\"emphasis\",\"image_width\":\"610\",\"item_animation\":true,\"link_style\":\"default\",\"link_text\":\"\",\"margin\":\"default\",\"margin_remove_bottom\":false,\"meta_align\":\"below-title\",\"meta_color\":\"primary\",\"meta_element\":\"div\",\"meta_style\":\"text-meta\",\"panel_link\":false,\"parallax_easing\":\"1\",\"show_content\":true,\"show_image\":true,\"show_link\":false,\"show_meta\":false,\"show_title\":true,\"text_align\":\"left\",\"title_align\":\"left\",\"title_element\":\"h3\",\"title_grid_breakpoint\":\"m\",\"title_grid_column_gap\":\"small\",\"title_grid_row_gap\":\"small\",\"title_grid_width\":\"1-3\",\"title_hover_style\":\"heading\",\"title_link\":true,\"title_style\":\"h2\"}}]}]}],\"name\":\"Anlagekonzept Desktop\"},{\"type\":\"section\",\"props\":{\"class\":\"uk-hidden@m\",\"image_position\":\"center-center\",\"style\":\"default\",\"title_breakpoint\":\"xl\",\"title_position\":\"top-left\",\"title_rotation\":\"left\",\"vertical_align\":\"middle\",\"width\":\"xlarge\"},\"children\":[{\"type\":\"row\",\"children\":[{\"type\":\"column\",\"props\":{\"image_position\":\"center-center\",\"position_sticky_breakpoint\":\"m\"},\"children\":[{\"name\":\"Headline\",\"type\":\"headline\",\"props\":{\"content\":\"Anlagekonzept - Fokus auf Direktanlagen\",\"title_element\":\"h2\",\"title_style\":\"heading-small\"}},{\"type\":\"image\",\"props\":{\"image\":\"wp-content\\\/uploads\\\/2024\\\/04\\\/subline.png\",\"image_svg_color\":\"emphasis\",\"margin\":\"default\",\"position\":\"relative\",\"position_top\":\"-12\"},\"name\":\"Subline_Gold\"},{\"name\":\"Text\",\"type\":\"text\",\"props\":{\"block_align\":\"center\",\"column_breakpoint\":\"m\",\"content\":\"Unser Verm\\u00f6genskonzept basiert auf der Kombination der Faktoren Qualit\\u00e4t, Bewertung und Zeitpunkt. Wir konzentrieren uns dabei auf transparente, kosteneffiziente und liquide Anlagen. F\\u00fcr alternative Anlagen verf\\u00fcgen wir \\u00fcber ein profundes Netzwerk.\",\"margin\":\"medium\",\"text_align\":\"left\",\"text_style\":\"small\"}},{\"name\":\"Grid Panel Title Left Image Right\",\"type\":\"grid\",\"children\":[{\"type\":\"grid_item\",\"props\":{\"content\":\"Qualit\\u00e4t ist bei unseren Investitionsentscheidungen das Kernkriterium. Gesch\\u00e4ftsmodell und F\\u00fchrung sowie Solidit\\u00e4t m\\u00fcssen uns \\u00fcberzeugen. Unternehmen, in welche wir investieren, m\\u00fcssen f\\u00e4hig sein, auch schwierige Marktphasen zu meistern und sich weiterzuentwickeln. Ein Schl\\u00fcsselfaktor hierf\\u00fcr sind robuste und hohe Gewinnmargen.\",\"image\":\"wp-content\\\/uploads\\\/2024\\\/04\\\/Anlagephilosophie-Qualitaet-1.jpg\",\"link\":\"#\",\"meta\":\"<span class=\\\"uk-link-reset\\\"><a href=\\\"\\\" >Kriterium 1<\\\/a><\\\/span>\",\"title\":\"Qualit\\u00e4t\"}},{\"type\":\"grid_item\",\"props\":{\"content\":\"Neben der operativen Leistung eines Unternehmens spielt dessen Kaufpreis eine wesentliche Rolle als  Erfolgsfaktor f\\u00fcr die Investitionsrendite. Wir sind bestrebt, in attraktiv bewertete Titel zu investieren und Phasen von \\u00dcberbewertungen f\\u00fcr Gewinnmitnahmen zu nutzen.\",\"image\":\"wp-content\\\/uploads\\\/2024\\\/04\\\/Anlagephilosophie-Bewertung_2.jpg\",\"link\":\"#\",\"meta\":\"<span class=\\\"uk-link-reset\\\"><a href=\\\"\\\" >Kriterium 2<\\\/a><\\\/span>\",\"title\":\"Bewertung\"}},{\"type\":\"grid_item\",\"props\":{\"content\":\"Finanzm\\u00e4rkte werden von einer Vielzahl von Faktoren beeinflusst, welche kurzfristig schwer vorhersehbar sind. Unser Ansatz basiert darauf, langfristige Marktentwicklungen sorgf\\u00e4ltig zu analysieren und unsere Anlagen danach auszurichten. \",\"image\":\"wp-content\\\/uploads\\\/2024\\\/04\\\/Anlagephilosophie-Zeitpunkt-1.jpg\",\"link\":\"#\",\"meta\":\"<span class=\\\"uk-link-reset\\\"><a href=\\\"\\\" >Kriterium 3<\\\/a><\\\/span>\",\"title\":\"Zeitpunkt\"}}],\"props\":{\"content_align\":false,\"content_column_breakpoint\":\"m\",\"content_dropcap\":false,\"content_style\":\"text-small\",\"filter_align\":\"left\",\"filter_all\":true,\"filter_grid_breakpoint\":\"m\",\"filter_grid_width\":\"auto\",\"filter_position\":\"top\",\"filter_style\":\"tab\",\"grid_default\":\"1\",\"grid_divider\":true,\"grid_medium\":\"\",\"icon_width\":80,\"image_align\":\"right\",\"image_grid_breakpoint\":\"s\",\"image_grid_width\":\"1-3\",\"image_link\":true,\"image_svg_color\":\"emphasis\",\"image_width\":\"610\",\"item_animation\":true,\"link_style\":\"default\",\"link_text\":\"\",\"margin\":\"default\",\"margin_remove_bottom\":false,\"meta_align\":\"below-title\",\"meta_color\":\"primary\",\"meta_element\":\"div\",\"meta_style\":\"text-meta\",\"panel_link\":false,\"parallax_easing\":\"1\",\"show_content\":true,\"show_image\":true,\"show_link\":false,\"show_meta\":false,\"show_title\":true,\"text_align\":\"left\",\"title_align\":\"left\",\"title_element\":\"h3\",\"title_grid_breakpoint\":\"m\",\"title_grid_column_gap\":\"small\",\"title_grid_row_gap\":\"small\",\"title_grid_width\":\"1-3\",\"title_hover_style\":\"heading\",\"title_link\":true,\"title_style\":\"text-large\"}}]}]}],\"name\":\"Anlagekonzept Mobile\"}],\"version\":\"4.3.13\"} --><\/p>\n","protected":false},"excerpt":{"rendered":"<p>Anlagephilosophie Qualit\u00e4t steht im Mittelpunkt unserer Investitionsentscheidungen Anlagephilosophie Qualit\u00e4t steht im Mittelpunkt unserer Investitionsentscheidungen Wir bilden uns unsere eigene Meinung Bei Belvalor nehmen wir uns die Zeit, Unternehmen umfassend zu analysieren, um ein detailliertes Verst\u00e4ndnis f\u00fcr die Gesch\u00e4ftsmodelle, Strategien und Finanzkennzahlen zu entwickeln. Firmenbesuche, Aktienkonferenzen und Analystenpr\u00e4sentationen sind ein essenzieller Bestandteil unserer Informationsbeschaffung. Dabei erhalten [&hellip;]<\/p>\n","protected":false},"author":1,"featured_media":0,"parent":0,"menu_order":4,"comment_status":"open","ping_status":"open","template":"","meta":{"_acf_changed":false,"footnotes":""},"acf":[],"_links":{"self":[{"href":"https:\/\/belvalor.ch\/staging\/wp-json\/wp\/v2\/pages\/6"}],"collection":[{"href":"https:\/\/belvalor.ch\/staging\/wp-json\/wp\/v2\/pages"}],"about":[{"href":"https:\/\/belvalor.ch\/staging\/wp-json\/wp\/v2\/types\/page"}],"author":[{"embeddable":true,"href":"https:\/\/belvalor.ch\/staging\/wp-json\/wp\/v2\/users\/1"}],"replies":[{"embeddable":true,"href":"https:\/\/belvalor.ch\/staging\/wp-json\/wp\/v2\/comments?post=6"}],"version-history":[{"count":162,"href":"https:\/\/belvalor.ch\/staging\/wp-json\/wp\/v2\/pages\/6\/revisions"}],"predecessor-version":[{"id":5182,"href":"https:\/\/belvalor.ch\/staging\/wp-json\/wp\/v2\/pages\/6\/revisions\/5182"}],"wp:attachment":[{"href":"https:\/\/belvalor.ch\/staging\/wp-json\/wp\/v2\/media?parent=6"}],"curies":[{"name":"wp","href":"https:\/\/api.w.org\/{rel}","templated":true}]}}