{"id":23,"date":"2019-09-02T07:23:47","date_gmt":"2019-09-02T07:23:47","guid":{"rendered":"https:\/\/belvalor.cyon.site\/?p=23"},"modified":"2024-05-13T09:54:28","modified_gmt":"2024-05-13T07:54:28","slug":"dienstleistungen","status":"publish","type":"page","link":"https:\/\/belvalor.ch\/staging\/dienstleistungen\/","title":{"rendered":"Dienstleistungen"},"content":{"rendered":"<h1>Dienstleistungen<\/h1>\n<div>\n<p>Verm\u00f6gensbetreuung in den Bereichen <br \/>Verm\u00f6gensverwaltung und Family Office<\/p>\n<\/div>\n<p><img decoding=\"async\" src=\"\/staging\/wp-content\/uploads\/2024\/04\/Header-Belvalor-Dienstleistungen_2-scaled.jpg\" alt=\"\"><\/p>\n<h1>Dienstleistungen<\/h1>\n<div>\n<p>Verm\u00f6gensbetreuung in den Bereichen Verm\u00f6gensverwaltung und Family Office<\/p>\n<\/div>\n<p><img decoding=\"async\" src=\"\/staging\/wp-content\/uploads\/2024\/04\/Header-Belvalor-Dienstleistungen_2-scaled.jpg\" alt=\"\"><\/p>\n<h2>Verm\u00f6gens&shy;verwaltung<\/h2>\n<p><img decoding=\"async\" src=\"\/staging\/wp-content\/uploads\/2024\/04\/subline.png\" alt=\"\"><\/p>\n<div>\n<p>Bei Belvalor sind wir der festen \u00dcberzeugung, dass die Individualit\u00e4t jedes Anlegers den Grundstein f\u00fcr eine erfolgreiche Verm\u00f6gensverwaltung legt.<\/p>\n<p>Durch eine sorgf\u00e4ltige, individuelle und unabh\u00e4ngige Betreuung gew\u00e4hrleisten wir, dass die Zusammensetzung des Portfolios auf die pers\u00f6nlichen Pr\u00e4ferenzen abgestimmt ist. Ihr Portfolio ist somit weit mehr als eine standardisierte L\u00f6sung \u2013 es ist massgeschneidert und speziell auf Sie zugeschnitten.<\/p>\n<p>Wir legen grossen Wert auf klare Kommunikation und bieten regelm\u00e4ssige Updates zum Portfolio. Das mit Ihnen vereinbarte Honorar ist der einzige Verdienst der Belvalor AG. Detailliertere Informationen zu unserem Verm\u00f6genskonzept finden Sie <a href=\"\/staging\/anlagephilosophie\/\"><i>hier<\/i><\/a>.<\/p>\n<\/div>\n<h2>Verm\u00f6gensverwaltung<\/h2>\n<p><img decoding=\"async\" src=\"\/staging\/wp-content\/uploads\/2024\/04\/subline.png\" alt=\"\"><\/p>\n<div>\n<p>Bei Belvalor sind wir der festen \u00dcberzeugung, dass die Individualit\u00e4t jedes Anlegers den Grundstein f\u00fcr eine erfolgreiche Verm\u00f6gensverwaltung legt.<\/p>\n<p>Durch eine sorgf\u00e4ltige, individuelle und unabh\u00e4ngige Betreuung gew\u00e4hrleisten wir, dass die Zusammensetzung des Portfolios auf die pers\u00f6nlichen Pr\u00e4ferenzen abgestimmt ist. Ihr Portfolio ist somit weit mehr als eine standardisierte L\u00f6sung \u2013 es ist massgeschneidert und speziell auf Sie zugeschnitten.<\/p>\n<p>Wir legen grossen Wert auf klare Kommunikation und bieten regelm\u00e4ssige Updates zum Portfolio. Das mit Ihnen vereinbarte Honorar ist der einzige Verdienst der Belvalor AG.<\/p>\n<p>Detailliertere Informationen zu unserem Verm\u00f6genskonzept finden Sie <a href=\"\/staging\/anlagephilosophie\/\"><i>hier<\/i><\/a>.<\/p>\n<\/div>\n<h2>Family Office <\/h2>\n<p><img decoding=\"async\" src=\"\/staging\/wp-content\/uploads\/2024\/04\/subline.png\" alt=\"\"><\/p>\n<div>\n<p>Als Ihr Family Office sind wir uns der Komplexit\u00e4t bewusst, welche die Verwaltung von substanziellen Verm\u00f6gen mit sich bringt. Jedes Verm\u00f6gen erfordert eine massgeschneiderte und umfassende Betreuung. Von der strategischen Langzeitplanung \u00fcber das Liquidit\u00e4tsmanagement bis hin zur Bewertung neuer Investitionsm\u00f6glichkeiten, der Unterst\u00fctzung bei Kreditfinanzierungen und der \u00dcbernahme administrativer Kontrollaufgaben stehen wir Ihnen zur Seite.<\/p>\n<p>Ein zentraler Pfeiler unserer Dienstleistungen ist die Konsolidierung aller Ihrer Verm\u00f6genswerte, um Ihnen eine klare und umfassende Sicht auf Ihr Gesamtverm\u00f6gen zu bieten. Dies vereinfacht nicht nur die Entscheidungsfindung, sondern optimiert auch die \u00dcberwachung der Performance und m\u00f6gliche Anpassungen Ihrer Anlagestrategie.<\/p><\/div>\n<h2>Family Office <\/h2>\n<p><img decoding=\"async\" src=\"\/staging\/wp-content\/uploads\/2024\/04\/subline.png\" alt=\"\"><\/p>\n<div>\n<p>Als Ihr Family Office sind wir uns der Komplexit\u00e4t bewusst, welche die Verwaltung von substanziellen Verm\u00f6gen mit sich bringt. Jedes Verm\u00f6gen erfordert eine massgeschneiderte und umfassende Betreuung. Von der strategischen Langzeitplanung \u00fcber das Liquidit\u00e4tsmanagement bis hin zur Bewertung neuer Investitionsm\u00f6glichkeiten, der Unterst\u00fctzung bei Kreditfinanzierungen und der \u00dcbernahme administrativer Kontrollaufgaben stehen wir Ihnen zur Seite.<\/p>\n<p>Ein zentraler Pfeiler unserer Dienstleistungen ist die Konsolidierung aller Ihrer Verm\u00f6genswerte, um Ihnen eine klare und umfassende Sicht auf Ihr Gesamtverm\u00f6gen zu bieten. Dies vereinfacht nicht nur die Entscheidungsfindung, sondern optimiert auch die \u00dcberwachung der Performance und m\u00f6gliche Anpassungen Ihrer Anlagestrategie.<\/p><\/div>\n<p><!--more--><br \/>\n<!-- {\"type\":\"layout\",\"children\":[{\"name\":\"Hero Desktop\",\"type\":\"section\",\"props\":{\"animation\":\"fade\",\"class\":\"uk-visible@m\",\"header_overlay\":\"light\",\"header_transparent\":false,\"header_transparent_text_color\":\"dark\",\"height_viewport\":450,\"image_loading\":true,\"image_position\":\"center-right\",\"media\":\"images\\\/home-header.jpg\",\"media_advanced\":true,\"overlap\":false,\"padding\":\"none\",\"padding_remove_bottom\":true,\"padding_remove_top\":true,\"preserve_color\":false,\"style\":\"primary\",\"title_breakpoint\":\"xl\",\"title_position\":\"top-left\",\"title_rotation\":\"left\",\"vertical_align\":\"middle\",\"width\":\"xlarge\",\"width_expand\":\"right\"},\"children\":[{\"type\":\"row\",\"props\":{\"column_gap\":\"collapse\",\"divider\":false,\"height_viewport\":450,\"layout\":\"1-2,1-2\",\"margin\":\"remove-vertical\",\"margin_remove_bottom\":false,\"margin_remove_top\":false,\"match\":false,\"padding_remove_horizontal\":false,\"row_gap\":\"collapse\",\"vertical_align\":false,\"width\":\"expand\"},\"children\":[{\"type\":\"column\",\"props\":{\"image_position\":\"center-center\",\"padding\":\"large\",\"position_sticky_breakpoint\":\"m\",\"preserve_color\":false,\"vertical_align\":\"middle\",\"width_medium\":\"1-2\"},\"children\":[{\"name\":\"Headline\",\"type\":\"headline\",\"props\":{\"content\":\"Dienstleistungen\",\"margin_remove_bottom\":false,\"margin_remove_top\":false,\"position_left\":\"100\",\"text_align\":\"left\",\"title_element\":\"h1\",\"title_style\":\"heading-medium\"}},{\"name\":\"Text\",\"type\":\"text\",\"props\":{\"column_breakpoint\":\"s\",\"column_divider\":false,\"content\":\"\n\n<p>Verm\\u00f6gensbetreuung in den Bereichen <br \\\/>Verm\\u00f6gensverwaltung und Family Office<\\\/p>\",\"margin\":\"default\",\"position_left\":\"100\",\"text_align\":\"left\"}}]},{\"type\":\"column\",\"props\":{\"image_loading\":true,\"image_position\":\"center-center\",\"image_size\":\"cover\",\"padding\":\"none\",\"position_sticky_breakpoint\":\"m\",\"preserve_color\":false,\"width_medium\":\"1-2\"},\"children\":[{\"type\":\"image\",\"props\":{\"container_padding_remove\":true,\"height_expand\":true,\"image\":\"wp-content\\\/uploads\\\/2024\\\/04\\\/Header-Belvalor-Dienstleistungen_2-scaled.jpg\",\"image_loading\":true,\"image_svg_color\":\"emphasis\",\"margin\":\"remove-vertical\",\"position_right\":\"-40\",\"text_align\":\"right\"}}]}]}]},{\"name\":\"Hero Mobile\",\"type\":\"section\",\"props\":{\"animation\":\"fade\",\"class\":\"uk-hidden@m\",\"header_overlay\":\"light\",\"header_transparent\":false,\"header_transparent_text_color\":\"dark\",\"height_viewport\":450,\"image_loading\":true,\"image_position\":\"center-right\",\"media\":\"images\\\/home-header.jpg\",\"media_advanced\":true,\"overlap\":false,\"padding\":\"none\",\"padding_remove_bottom\":true,\"padding_remove_horizontal\":true,\"padding_remove_top\":true,\"preserve_color\":false,\"style\":\"primary\",\"title_breakpoint\":\"xl\",\"title_position\":\"top-left\",\"title_rotation\":\"left\",\"vertical_align\":\"middle\",\"width\":\"xlarge\",\"width_expand\":\"right\"},\"children\":[{\"type\":\"row\",\"props\":{\"column_gap\":\"collapse\",\"divider\":false,\"height_viewport\":450,\"margin\":\"remove-vertical\",\"margin_remove_bottom\":true,\"margin_remove_top\":true,\"match\":false,\"padding_remove_horizontal\":false,\"row_gap\":\"collapse\",\"vertical_align\":false,\"width\":\"expand\"},\"children\":[{\"type\":\"column\",\"props\":{\"image_position\":\"center-center\",\"padding\":\"small\",\"position_sticky_breakpoint\":\"m\",\"preserve_color\":false,\"style\":\"tile-primary\",\"vertical_align\":\"middle\"},\"children\":[{\"name\":\"Headline\",\"type\":\"headline\",\"props\":{\"content\":\"Dienstleistungen\",\"margin_remove_bottom\":false,\"margin_remove_top\":false,\"position_left\":\"100\",\"text_align\":\"left\",\"title_element\":\"h1\",\"title_style\":\"heading-small\"}},{\"name\":\"Text\",\"type\":\"text\",\"props\":{\"column_breakpoint\":\"s\",\"column_divider\":false,\"content\":\"\n\n<p>Verm\\u00f6gensbetreuung in den Bereichen Verm\\u00f6gensverwaltung und Family Office<\\\/p>\",\"margin\":\"default\",\"margin_remove_bottom\":false,\"position_left\":\"100\",\"text_align\":\"left\",\"text_style\":\"small\"}}]}]},{\"type\":\"row\",\"children\":[{\"type\":\"column\",\"props\":{\"image_position\":\"center-center\",\"position_sticky_breakpoint\":\"m\"},\"children\":[{\"type\":\"image\",\"props\":{\"container_padding_remove\":true,\"height_expand\":true,\"image\":\"wp-content\\\/uploads\\\/2024\\\/04\\\/Header-Belvalor-Dienstleistungen_2-scaled.jpg\",\"image_loading\":true,\"image_svg_color\":\"emphasis\",\"margin\":\"remove-vertical\",\"position_right\":\"-40\"}}]}]}]},{\"type\":\"section\",\"props\":{\"class\":\"uk-visible@m\",\"id\":\"Vermoegensverwaltung-Desktop\",\"image_position\":\"center-center\",\"preserve_color\":false,\"style\":\"default\",\"title_breakpoint\":\"xl\",\"title_position\":\"top-left\",\"title_rotation\":\"left\",\"vertical_align\":\"middle\",\"width\":\"xlarge\"},\"children\":[{\"type\":\"row\",\"props\":{\"layout\":\"1-3,2-3\"},\"children\":[{\"type\":\"column\",\"props\":{\"image_position\":\"center-center\",\"position_sticky_breakpoint\":\"m\",\"width_medium\":\"1-3\"},\"children\":[{\"name\":\"Headline\",\"type\":\"headline\",\"props\":{\"content\":\"Verm\\u00f6gens&shy;verwaltung\",\"title_element\":\"h2\",\"title_style\":\"h1\"}},{\"type\":\"image\",\"props\":{\"image\":\"wp-content\\\/uploads\\\/2024\\\/04\\\/subline.png\",\"image_svg_color\":\"emphasis\",\"margin\":\"default\",\"position\":\"relative\",\"position_top\":\"-12\"}}]},{\"type\":\"column\",\"props\":{\"image_position\":\"center-center\",\"position_sticky_breakpoint\":\"m\",\"width_medium\":\"2-3\"},\"children\":[{\"name\":\"Text\",\"type\":\"text\",\"props\":{\"block_align\":\"center\",\"column_breakpoint\":\"m\",\"content\":\"\n\n<p>Bei Belvalor sind wir der festen \\u00dcberzeugung, dass die Individualit\\u00e4t jedes Anlegers den Grundstein f\\u00fcr eine erfolgreiche Verm\\u00f6gensverwaltung legt.<\\\/p>\\n\n\n<p>Durch eine sorgf\\u00e4ltige, individuelle und unabh\\u00e4ngige Betreuung gew\\u00e4hrleisten wir, dass die Zusammensetzung des Portfolios auf die pers\\u00f6nlichen Pr\\u00e4ferenzen abgestimmt ist. Ihr Portfolio ist somit weit mehr als eine standardisierte L\\u00f6sung \\u2013 es ist massgeschneidert und speziell auf Sie zugeschnitten.<\\\/p>\\n\n\n<p>Wir legen grossen Wert auf klare Kommunikation und bieten regelm\\u00e4ssige Updates zum Portfolio. Das mit Ihnen vereinbarte Honorar ist der einzige Verdienst der Belvalor AG. Detailliertere Informationen zu unserem Verm\\u00f6genskonzept finden Sie <a href=\\\"anlagephilosophie\\\/\\\"><i>hier<\\\/i><\\\/a>.<\\\/p>\",\"margin\":\"\",\"text_align\":\"left\"}},{\"name\":\"Image\",\"type\":\"image\",\"props\":{\"height_expand\":true,\"image\":\"wp-content\\\/uploads\\\/2024\\\/04\\\/Dienstleistungen-Vermoegensverwaltung-1.jpg\",\"image_loading\":false,\"image_svg_color\":\"emphasis\",\"image_svg_inline\":false,\"image_width\":\"1600\",\"lightbox_height\":\"720\",\"lightbox_width\":\"1280\",\"margin\":\"\",\"status\":\"disabled\"}}]}]}],\"name\":\"Verm\\u00f6gensverwaltung Desktop\"},{\"type\":\"section\",\"props\":{\"class\":\"uk-hidden@m\",\"id\":\"Vermoegensverwaltung-Mobile\",\"image_position\":\"center-center\",\"preserve_color\":false,\"style\":\"default\",\"title_breakpoint\":\"xl\",\"title_position\":\"top-left\",\"title_rotation\":\"left\",\"vertical_align\":\"middle\",\"width\":\"xlarge\"},\"children\":[{\"type\":\"row\",\"children\":[{\"type\":\"column\",\"props\":{\"image_position\":\"center-center\",\"position_sticky_breakpoint\":\"m\"},\"children\":[{\"name\":\"Headline\",\"type\":\"headline\",\"props\":{\"content\":\"Verm\\u00f6gensverwaltung\",\"title_element\":\"h2\",\"title_style\":\"heading-small\"}},{\"type\":\"image\",\"props\":{\"image\":\"wp-content\\\/uploads\\\/2024\\\/04\\\/subline.png\",\"image_svg_color\":\"emphasis\",\"margin\":\"default\",\"margin_remove_bottom\":true,\"position\":\"relative\",\"position_top\":\"-20\"},\"name\":\"Subline_Gold\"},{\"name\":\"Text\",\"type\":\"text\",\"props\":{\"block_align\":\"center\",\"column_breakpoint\":\"m\",\"content\":\"\n\n<p>Bei Belvalor sind wir der festen \\u00dcberzeugung, dass die Individualit\\u00e4t jedes Anlegers den Grundstein f\\u00fcr eine erfolgreiche Verm\\u00f6gensverwaltung legt.<\\\/p>\\n\n\n<p>Durch eine sorgf\\u00e4ltige, individuelle und unabh\\u00e4ngige Betreuung gew\\u00e4hrleisten wir, dass die Zusammensetzung des Portfolios auf die pers\\u00f6nlichen Pr\\u00e4ferenzen abgestimmt ist. Ihr Portfolio ist somit weit mehr als eine standardisierte L\\u00f6sung \\u2013 es ist massgeschneidert und speziell auf Sie zugeschnitten.<\\\/p>\\n\n\n<p>Wir legen grossen Wert auf klare Kommunikation und bieten regelm\\u00e4ssige Updates zum Portfolio. Das mit Ihnen vereinbarte Honorar ist der einzige Verdienst der Belvalor AG.<\\\/p>\\n\n\n<p>Detailliertere Informationen zu unserem Verm\\u00f6genskonzept finden Sie <a href=\\\"anlagephilosophie\\\/\\\"><i>hier<\\\/i><\\\/a>.<\\\/p>\",\"margin\":\"\",\"margin_remove_bottom\":false,\"margin_remove_top\":false,\"text_align\":\"left\",\"text_style\":\"small\"}}]}]},{\"type\":\"row\",\"children\":[{\"type\":\"column\",\"props\":{\"image_position\":\"center-center\",\"position_sticky_breakpoint\":\"m\"},\"children\":[{\"name\":\"Image\",\"type\":\"image\",\"props\":{\"height_expand\":true,\"image\":\"wp-content\\\/uploads\\\/2024\\\/04\\\/Dienstleistungen-Vermoegensverwaltung-1.jpg\",\"image_loading\":false,\"image_svg_color\":\"emphasis\",\"image_svg_inline\":false,\"image_width\":\"1600\",\"lightbox_height\":\"720\",\"lightbox_width\":\"1280\",\"margin\":\"\"}}]}],\"props\":{\"status\":\"disabled\"}}],\"name\":\"Verm\\u00f6gensverwaltung Mobile\"},{\"type\":\"section\",\"props\":{\"class\":\"uk-visible@m\",\"id\":\"FamilyOffice-Desktop\",\"image_position\":\"center-center\",\"preserve_color\":false,\"style\":\"muted\",\"title_breakpoint\":\"xl\",\"title_position\":\"top-left\",\"title_rotation\":\"left\",\"vertical_align\":\"middle\",\"width\":\"xlarge\"},\"children\":[{\"type\":\"row\",\"props\":{\"layout\":\"1-3,2-3\"},\"children\":[{\"type\":\"column\",\"props\":{\"image_position\":\"center-center\",\"position_sticky_breakpoint\":\"m\",\"width_medium\":\"1-3\"},\"children\":[{\"name\":\"Headline\",\"type\":\"headline\",\"props\":{\"content\":\"Family Office \",\"title_color\":\"emphasis\",\"title_element\":\"h2\",\"title_style\":\"h1\"}},{\"type\":\"image\",\"props\":{\"image\":\"wp-content\\\/uploads\\\/2024\\\/04\\\/subline.png\",\"image_svg_color\":\"emphasis\",\"margin\":\"default\",\"position\":\"relative\",\"position_top\":\"-12\"},\"name\":\"Subline_Gold\"}]},{\"type\":\"column\",\"props\":{\"image_position\":\"center-center\",\"position_sticky_breakpoint\":\"m\",\"width_medium\":\"2-3\"},\"children\":[{\"name\":\"Text\",\"type\":\"text\",\"props\":{\"block_align\":\"center\",\"column_breakpoint\":\"m\",\"content\":\"\n\n<p>Als Ihr Family Office sind wir uns der Komplexit\\u00e4t bewusst, welche die Verwaltung von substanziellen Verm\\u00f6gen mit sich bringt. Jedes Verm\\u00f6gen erfordert eine massgeschneiderte und umfassende Betreuung. Von der strategischen Langzeitplanung \\u00fcber das Liquidit\\u00e4tsmanagement bis hin zur Bewertung neuer Investitionsm\\u00f6glichkeiten, der Unterst\\u00fctzung bei Kreditfinanzierungen und der \\u00dcbernahme administrativer Kontrollaufgaben stehen wir Ihnen zur Seite.<\\\/p> \n\n<p>Ein zentraler Pfeiler unserer Dienstleistungen ist die Konsolidierung aller Ihrer Verm\\u00f6genswerte, um Ihnen eine klare und umfassende Sicht auf Ihr Gesamtverm\\u00f6gen zu bieten. Dies vereinfacht nicht nur die Entscheidungsfindung, sondern optimiert auch die \\u00dcberwachung der Performance und m\\u00f6gliche Anpassungen Ihrer Anlagestrategie.\",\"margin\":\"\",\"text_align\":\"left\",\"text_color\":\"primary\"}},{\"name\":\"Image\",\"type\":\"image\",\"props\":{\"height_expand\":true,\"image\":\"wp-content\\\/uploads\\\/2024\\\/04\\\/Dienstleistungen-Family-Office-1.jpg\",\"image_svg_color\":\"emphasis\",\"image_svg_inline\":false,\"image_width\":\"1600\",\"lightbox_height\":\"720\",\"lightbox_width\":\"1280\",\"link\":\"https:\\\/\\\/yootheme.com\\\/site\\\/images\\\/media\\\/yootheme-pro.mp4\",\"link_target\":\"modal\",\"margin\":\"\",\"status\":\"disabled\"}}]}]}],\"name\":\"Family Office Desktop\"},{\"type\":\"section\",\"props\":{\"class\":\"uk-hidden@m\",\"id\":\"FamilyOffice-Mobile\",\"image_position\":\"center-center\",\"preserve_color\":false,\"style\":\"muted\",\"title_breakpoint\":\"xl\",\"title_position\":\"top-left\",\"title_rotation\":\"left\",\"vertical_align\":\"middle\",\"width\":\"xlarge\"},\"children\":[{\"type\":\"row\",\"children\":[{\"type\":\"column\",\"props\":{\"image_position\":\"center-center\",\"position_sticky_breakpoint\":\"m\"},\"children\":[{\"name\":\"Headline\",\"type\":\"headline\",\"props\":{\"content\":\"Family Office \",\"title_color\":\"emphasis\",\"title_element\":\"h2\",\"title_style\":\"heading-small\"}},{\"type\":\"image\",\"props\":{\"image\":\"wp-content\\\/uploads\\\/2024\\\/04\\\/subline.png\",\"image_svg_color\":\"emphasis\",\"margin\":\"default\",\"position\":\"relative\",\"position_top\":\"-20\"},\"name\":\"Subline_Gold\"},{\"name\":\"Text\",\"type\":\"text\",\"props\":{\"block_align\":\"center\",\"column_breakpoint\":\"m\",\"content\":\"\n\n<p>Als Ihr Family Office sind wir uns der Komplexit\\u00e4t bewusst, welche die Verwaltung von substanziellen Verm\\u00f6gen mit sich bringt. Jedes Verm\\u00f6gen erfordert eine massgeschneiderte und umfassende Betreuung. Von der strategischen Langzeitplanung \\u00fcber das Liquidit\\u00e4tsmanagement bis hin zur Bewertung neuer Investitionsm\\u00f6glichkeiten, der Unterst\\u00fctzung bei Kreditfinanzierungen und der \\u00dcbernahme administrativer Kontrollaufgaben stehen wir Ihnen zur Seite.<\\\/p> \n\n<p>Ein zentraler Pfeiler unserer Dienstleistungen ist die Konsolidierung aller Ihrer Verm\\u00f6genswerte, um Ihnen eine klare und umfassende Sicht auf Ihr Gesamtverm\\u00f6gen zu bieten. Dies vereinfacht nicht nur die Entscheidungsfindung, sondern optimiert auch die \\u00dcberwachung der Performance und m\\u00f6gliche Anpassungen Ihrer Anlagestrategie.\",\"margin\":\"\",\"text_align\":\"left\",\"text_color\":\"primary\",\"text_style\":\"small\"}}]}]},{\"type\":\"row\",\"children\":[{\"type\":\"column\",\"props\":{\"image_position\":\"center-center\",\"position_sticky_breakpoint\":\"m\"},\"children\":[{\"name\":\"Image\",\"type\":\"image\",\"props\":{\"height_expand\":true,\"image\":\"wp-content\\\/uploads\\\/2024\\\/04\\\/Dienstleistungen-Family-Office-1.jpg\",\"image_svg_color\":\"emphasis\",\"image_svg_inline\":false,\"image_width\":\"1600\",\"lightbox_height\":\"720\",\"lightbox_width\":\"1280\",\"link\":\"https:\\\/\\\/yootheme.com\\\/site\\\/images\\\/media\\\/yootheme-pro.mp4\",\"link_target\":\"modal\",\"margin\":\"\"}}]}],\"props\":{\"status\":\"disabled\"}}],\"name\":\"Family Office Mobile\"}],\"version\":\"4.3.13\"} --><\/p>\n","protected":false},"excerpt":{"rendered":"<p>Dienstleistungen Verm\u00f6gensbetreuung in den Bereichen Verm\u00f6gensverwaltung und Family Office Dienstleistungen Verm\u00f6gensbetreuung in den Bereichen Verm\u00f6gensverwaltung und Family Office Verm\u00f6gens&shy;verwaltung Bei Belvalor sind wir der festen \u00dcberzeugung, dass die Individualit\u00e4t jedes Anlegers den Grundstein f\u00fcr eine erfolgreiche Verm\u00f6gensverwaltung legt. Durch eine sorgf\u00e4ltige, individuelle und unabh\u00e4ngige Betreuung gew\u00e4hrleisten wir, dass die Zusammensetzung des Portfolios auf die pers\u00f6nlichen [&hellip;]<\/p>\n","protected":false},"author":1,"featured_media":0,"parent":0,"menu_order":2,"comment_status":"open","ping_status":"open","template":"","meta":{"_acf_changed":false,"footnotes":""},"acf":[],"_links":{"self":[{"href":"https:\/\/belvalor.ch\/staging\/wp-json\/wp\/v2\/pages\/23"}],"collection":[{"href":"https:\/\/belvalor.ch\/staging\/wp-json\/wp\/v2\/pages"}],"about":[{"href":"https:\/\/belvalor.ch\/staging\/wp-json\/wp\/v2\/types\/page"}],"author":[{"embeddable":true,"href":"https:\/\/belvalor.ch\/staging\/wp-json\/wp\/v2\/users\/1"}],"replies":[{"embeddable":true,"href":"https:\/\/belvalor.ch\/staging\/wp-json\/wp\/v2\/comments?post=23"}],"version-history":[{"count":292,"href":"https:\/\/belvalor.ch\/staging\/wp-json\/wp\/v2\/pages\/23\/revisions"}],"predecessor-version":[{"id":5481,"href":"https:\/\/belvalor.ch\/staging\/wp-json\/wp\/v2\/pages\/23\/revisions\/5481"}],"wp:attachment":[{"href":"https:\/\/belvalor.ch\/staging\/wp-json\/wp\/v2\/media?parent=23"}],"curies":[{"name":"wp","href":"https:\/\/api.w.org\/{rel}","templated":true}]}}