{"id":1988,"date":"2020-12-02T14:09:02","date_gmt":"2020-12-02T13:09:02","guid":{"rendered":"https:\/\/belvalor.cyon.site\/?page_id=1988"},"modified":"2024-05-13T09:56:47","modified_gmt":"2024-05-13T07:56:47","slug":"legal-notice","status":"publish","type":"page","link":"https:\/\/belvalor.ch\/staging\/en\/legal-notice\/","title":{"rendered":"Legal notice"},"content":{"rendered":"<div>\n<h1 class=\"uk-h3\">Impressum<\/h1>\n<h2 class=\"uk-h4\">Kontaktadresse:<\/h2>\n<p class=\"uk-text-small\">Belvalor AG<br \/>Bederstrasse 33<br \/>8002 Z\u00fcrich<br \/>Schweiz<\/p>\n<h2 class=\"uk-h4\">Vertretungsberechtigte Personen:<\/h2>\n<ul>\n<li class=\"uk-text-small\">Georg Schlagm\u00fcller<\/li>\n<li class=\"uk-text-small\">Thomas von Rohr<\/li>\n<li class=\"uk-text-small\">Claudia Buchmann<\/li>\n<\/ul>\n<h2 class=\"uk-h4\">Datenschutz&shy;beauftragte:<\/h2>\n<p class=\"uk-text-small\">Claudia Buchman, Belvalor AG, <a href=\"mailto:info@belvalor.ch\">info@belvalor.ch<\/a><\/p>\n<h2 class=\"uk-h4\">Webdesign und Programmierung:<\/h2>\n<p class=\"uk-text-small\">Claudio Prezzi, <a href=\"http:\/\/www.comsulting.ch\/\" target=\"_blank\" rel=\"noopener noreferrer\">COMsulting GmbH<\/a><\/p>\n<h2 class=\"uk-h4\">Haftungsausschluss:<\/h2>\n<p class=\"uk-text-small\">Der Autor \u00fcbernimmt keinerlei Gew\u00e4hr hinsichtlich der inhaltlichen Richtigkeit, Genauigkeit, Aktualit\u00e4t, Zuverl\u00e4ssigkeit und Vollst\u00e4ndigkeit der Informationen.<\/p>\n<p class=\"uk-text-small\">Haftungsanspr\u00fcche gegen den Autor wegen Sch\u00e4den materieller oder immaterieller Art, welche aus dem Zugriff oder der Nutzung bzw. Nichtnutzung der ver\u00f6ffentlichten Informationen, durch Missbrauch der Verbindung oder durch technische St\u00f6rungen entstanden sind, werden ausgeschlossen.<\/p>\n<p class=\"uk-text-small\">Alle Angebote sind unverbindlich. Der Autor beh\u00e4lt es sich ausdr\u00fccklich vor, Teile der Seiten oder das gesamte Angebot ohne gesonderte Ank\u00fcndigung zu ver\u00e4ndern, zu erg\u00e4nzen, zu l\u00f6schen oder die Ver\u00f6ffentlichung zeitweise oder endg\u00fcltig einzustellen.<\/p>\n<h2 class=\"uk-h4\">Haftung\u00a0f\u00fcr Links:<\/h2>\n<p class=\"uk-text-small\">Verweise und Links auf Webseiten Dritter liegen ausserhalb unseres Verantwortungsbereichs. Es wird jegliche Verantwortung f\u00fcr solche Webseiten abgelehnt. Der Zugriff und die Nutzung solcher Webseiten erfolgen auf eigene Gefahr des Nutzers oder der Nutzerin.<\/p>\n<h2 class=\"uk-h4\">Urheberrechte:<\/h2>\n<p class=\"uk-text-small\">Die Urheber- und alle anderen Rechte an Inhalten, Bildern, Fotos oder anderen Dateien auf der Website geh\u00f6ren, wenn nicht anders erw\u00e4hnt, ausschliesslich der <strong>Belvalor AG<\/strong>\u00a0oder den speziell genannten Rechtsinhabern. F\u00fcr die Reproduktion jeglicher Elemente ist die schriftliche Zustimmung der Urheberrechtstr\u00e4ger im Voraus einzuholen.<\/p>\n<h2 class=\"uk-h4\">Links zu den Urhebern der verwendeten Bilder:<\/h2>\n<p class=\"uk-text-small\">to be defined<\/p>\n<\/div>\n<p><!--more--><br \/>\n<!-- {\"type\":\"layout\",\"children\":[{\"type\":\"section\",\"props\":{\"animation_delay\":\"200\",\"image_position\":\"center-center\",\"padding_remove_bottom\":false,\"padding_remove_top\":false,\"style\":\"default\",\"title_breakpoint\":\"xl\",\"title_position\":\"top-left\",\"title_rotation\":\"left\",\"vertical_align\":\"middle\",\"width\":\"default\"},\"children\":[{\"type\":\"row\",\"children\":[{\"type\":\"column\",\"props\":{\"image_position\":\"center-center\",\"position_sticky_breakpoint\":\"m\"},\"children\":[{\"type\":\"text\",\"props\":{\"column_breakpoint\":\"m\",\"content\":\"\n\n<h1 class=\\\"uk-h3\\\">Impressum<\\\/h1>\\n\n\n<h2 class=\\\"uk-h4\\\">Kontaktadresse:<\\\/h2>\\n\n\n<p class=\\\"uk-text-small\\\">Belvalor AG<br \\\/>Bederstrasse 33<br \\\/>8002 Z\\u00fcrich<br \\\/>Schweiz<\\\/p>\\n\n\n<h2 class=\\\"uk-h4\\\">Vertretungsberechtigte Personen:<\\\/h2>\\n\n\n<ul>\\n\n\n<li class=\\\"uk-text-small\\\">Georg Schlagm\\u00fcller<\\\/li>\\n\n\n<li class=\\\"uk-text-small\\\">Thomas von Rohr<\\\/li>\\n\n\n<li class=\\\"uk-text-small\\\">Claudia Buchmann<\\\/li>\\n<\\\/ul>\\n\n\n<h2 class=\\\"uk-h4\\\">Datenschutz&shy;beauftragte:<\\\/h2>\\n\n\n<p class=\\\"uk-text-small\\\">Claudia Buchman, Belvalor AG, <a href=\\\"mailto:info@belvalor.ch\\\">info@belvalor.ch<\\\/a><\\\/p>\\n\n\n<h2 class=\\\"uk-h4\\\">Webdesign und Programmierung:<\\\/h2>\\n\n\n<p class=\\\"uk-text-small\\\">Claudio Prezzi, <a href=\\\"http:\\\/\\\/www.comsulting.ch\\\/\\\" target=\\\"_blank\\\" rel=\\\"noopener noreferrer\\\">COMsulting GmbH<\\\/a><\\\/p>\\n\n\n<h2 class=\\\"uk-h4\\\">Haftungsausschluss:<\\\/h2>\\n\n\n<p class=\\\"uk-text-small\\\">Der Autor \\u00fcbernimmt keinerlei Gew\\u00e4hr hinsichtlich der inhaltlichen Richtigkeit, Genauigkeit, Aktualit\\u00e4t, Zuverl\\u00e4ssigkeit und Vollst\\u00e4ndigkeit der Informationen.<\\\/p>\\n\n\n<p class=\\\"uk-text-small\\\">Haftungsanspr\\u00fcche gegen den Autor wegen Sch\\u00e4den materieller oder immaterieller Art, welche aus dem Zugriff oder der Nutzung bzw. Nichtnutzung der ver\\u00f6ffentlichten Informationen, durch Missbrauch der Verbindung oder durch technische St\\u00f6rungen entstanden sind, werden ausgeschlossen.<\\\/p>\\n\n\n<p class=\\\"uk-text-small\\\">Alle Angebote sind unverbindlich. Der Autor beh\\u00e4lt es sich ausdr\\u00fccklich vor, Teile der Seiten oder das gesamte Angebot ohne gesonderte Ank\\u00fcndigung zu ver\\u00e4ndern, zu erg\\u00e4nzen, zu l\\u00f6schen oder die Ver\\u00f6ffentlichung zeitweise oder endg\\u00fcltig einzustellen.<\\\/p>\\n\n\n<h2 class=\\\"uk-h4\\\">Haftung\\u00a0f\\u00fcr Links:<\\\/h2>\\n\n\n<p class=\\\"uk-text-small\\\">Verweise und Links auf Webseiten Dritter liegen ausserhalb unseres Verantwortungsbereichs. Es wird jegliche Verantwortung f\\u00fcr solche Webseiten abgelehnt. Der Zugriff und die Nutzung solcher Webseiten erfolgen auf eigene Gefahr des Nutzers oder der Nutzerin.<\\\/p>\\n\n\n<h2 class=\\\"uk-h4\\\">Urheberrechte:<\\\/h2>\\n\n\n<p class=\\\"uk-text-small\\\">Die Urheber- und alle anderen Rechte an Inhalten, Bildern, Fotos oder anderen Dateien auf der Website geh\\u00f6ren, wenn nicht anders erw\\u00e4hnt, ausschliesslich der <strong>Belvalor AG<\\\/strong>\\u00a0oder den speziell genannten Rechtsinhabern. F\\u00fcr die Reproduktion jeglicher Elemente ist die schriftliche Zustimmung der Urheberrechtstr\\u00e4ger im Voraus einzuholen.<\\\/p>\\n\n\n<h2 class=\\\"uk-h4\\\">Links zu den Urhebern der verwendeten Bilder:<\\\/h2>\\n\n\n<p class=\\\"uk-text-small\\\">to be defined<\\\/p>\",\"margin\":\"default\"}}]}]}],\"name\":\"Team en\",\"modified\":\"2020-11-30T12:12:22.961Z\"}],\"version\":\"4.3.13\"} --><\/p>\n","protected":false},"excerpt":{"rendered":"<p>Impressum Kontaktadresse: Belvalor AGBederstrasse 338002 Z\u00fcrichSchweiz Vertretungsberechtigte Personen: Georg Schlagm\u00fcller Thomas von Rohr Claudia Buchmann Datenschutz&shy;beauftragte: Claudia Buchman, Belvalor AG, info@belvalor.ch Webdesign und Programmierung: Claudio Prezzi, COMsulting GmbH Haftungsausschluss: Der Autor \u00fcbernimmt keinerlei Gew\u00e4hr hinsichtlich der inhaltlichen Richtigkeit, Genauigkeit, Aktualit\u00e4t, Zuverl\u00e4ssigkeit und Vollst\u00e4ndigkeit der Informationen. Haftungsanspr\u00fcche gegen den Autor wegen Sch\u00e4den materieller oder immaterieller Art, [&hellip;]<\/p>\n","protected":false},"author":1,"featured_media":0,"parent":0,"menu_order":10,"comment_status":"closed","ping_status":"closed","template":"","meta":{"_acf_changed":false,"footnotes":""},"acf":[],"_links":{"self":[{"href":"https:\/\/belvalor.ch\/staging\/wp-json\/wp\/v2\/pages\/1988"}],"collection":[{"href":"https:\/\/belvalor.ch\/staging\/wp-json\/wp\/v2\/pages"}],"about":[{"href":"https:\/\/belvalor.ch\/staging\/wp-json\/wp\/v2\/types\/page"}],"author":[{"embeddable":true,"href":"https:\/\/belvalor.ch\/staging\/wp-json\/wp\/v2\/users\/1"}],"replies":[{"embeddable":true,"href":"https:\/\/belvalor.ch\/staging\/wp-json\/wp\/v2\/comments?post=1988"}],"version-history":[{"count":8,"href":"https:\/\/belvalor.ch\/staging\/wp-json\/wp\/v2\/pages\/1988\/revisions"}],"predecessor-version":[{"id":5482,"href":"https:\/\/belvalor.ch\/staging\/wp-json\/wp\/v2\/pages\/1988\/revisions\/5482"}],"wp:attachment":[{"href":"https:\/\/belvalor.ch\/staging\/wp-json\/wp\/v2\/media?parent=1988"}],"curies":[{"name":"wp","href":"https:\/\/api.w.org\/{rel}","templated":true}]}}