{"id":1982,"date":"2020-12-02T13:59:11","date_gmt":"2020-12-02T12:59:11","guid":{"rendered":"https:\/\/belvalor.cyon.site\/?page_id=1982"},"modified":"2024-05-13T09:47:54","modified_gmt":"2024-05-13T07:47:54","slug":"datenschutz","status":"publish","type":"page","link":"https:\/\/belvalor.ch\/staging\/datenschutz\/","title":{"rendered":"Datenschutz"},"content":{"rendered":"<div>\n<h1 class=\"uk-h3\">Datenschutz<\/h1>\n<p class=\"uk-text-small\">Gest\u00fctzt auf Artikel 13 der schweizerischen Bundesverfassung und die datenschutzrechtlichen Bestimmungen des Bundes (Datenschutzgesetz, DSG) hat jede Person Anspruch auf Schutz ihrer Privatsph\u00e4re sowie auf Schutz vor Missbrauch ihrer pers\u00f6nlichen Daten. Wir halten diese Bestimmungen ein. Pers\u00f6nliche Daten werden streng vertraulich behandelt und weder an Dritte verkauft noch weiter gegeben.<\/p>\n<p class=\"uk-text-small\">In enger Zusammenarbeit mit unseren Hosting-Providern bem\u00fchen wir uns, die Datenbanken so gut wie m\u00f6glich vor fremden Zugriffen, Verlusten, Missbrauch oder vor F\u00e4lschung zu sch\u00fctzen.<\/p>\n<p class=\"uk-text-small\">Beim Zugriff auf unsere Webseiten werden folgende Daten in Logfiles gespeichert: IP-Adresse, Datum, Uhrzeit, Browser-Anfrage und allg. \u00fcbertragene Informationen zum Betriebssystem resp. Browser. Diese Nutzungsdaten bilden die Basis f\u00fcr statistische, anonyme Auswertungen, so dass Trends erkennbar sind, anhand derer wir unsere Angebote entsprechend verbessern k\u00f6nnen.<\/p>\n<h2 class=\"uk-h4\">Datenschutzerkl\u00e4rung f\u00fcr die Nutzung von Google Analytics:<\/h2>\n<p class=\"uk-text-small\">Diese Website benutzt Google Analytics, einen Webanalysedienst der Google Inc. (&#171;Google&#187;). Google Analytics verwendet sog. &#171;Cookies&#187;, Textdateien, die auf Ihrem Computer gespeichert werden und die eine Analyse der Benutzung der Website durch Sie erm\u00f6glichen. Die durch den Cookie erzeugten Informationen \u00fcber Ihre Benutzung dieser Website werden in der Regel an einen Server von Google in den USA \u00fcbertragen und dort gespeichert. Im Falle der Aktivierung der IP-Anonymisierung auf dieser Webseite wird Ihre IP-Adresse von Google jedoch innerhalb von Mitgliedstaaten der Europ\u00e4ischen Union oder in anderen Vertragsstaaten des Abkommens \u00fcber den Europ\u00e4ischen Wirtschaftsraum zuvor gek\u00fcrzt.<\/p>\n<p class=\"uk-text-small\">Nur in Ausnahmef\u00e4llen wird die volle IP-Adresse an einen Server von Google in den USA \u00fcbertragen und dort gek\u00fcrzt. Google wird diese Informationen benutzen, um Ihre Nutzung der Website auszuwerten, um Reports \u00fcber die Websiteaktivit\u00e4ten f\u00fcr die Websitebetreiber zusammenzustellen und um weitere mit der Websitenutzung und der Internetnutzung verbundene Dienstleistungen zu erbringen. Auch wird Google diese Informationen gegebenenfalls an Dritte \u00fcbertragen, sofern dies gesetzlich vorgeschrieben oder soweit Dritte diese Daten im Auftrag von Google verarbeiten. Die im Rahmen von Google Analytics von Ihrem Browser \u00fcbermittelte IP-Adresse wird nicht mit anderen Daten von Google zusammengef\u00fchrt.<\/p>\n<p class=\"uk-text-small\">Sie k\u00f6nnen die Installation der Cookies durch eine entsprechende Einstellung Ihrer Browser Software verhindern; wir weisen Sie jedoch darauf hin, dass Sie in diesem Fall gegebenenfalls nicht s\u00e4mtliche Funktionen dieser Website voll umf\u00e4nglich nutzen k\u00f6nnen. Durch die Nutzung dieser Website erkl\u00e4ren Sie sich mit der Bearbeitung der \u00fcber Sie erhobenen Daten durch Google in der zuvor beschriebenen Art und Weise und zu dem zuvor benannten Zweck einverstanden.<\/p>\n<h2 class=\"uk-h4\">Datenschutzbeauftragte:<\/h2>\n<p class=\"uk-text-small\">Claudia Buchman, Belvalor AG, <a href=\"mailto:info@belvalor.ch\">info@belvalor.ch<\/a><\/p>\n<\/div>\n<p><!--more--><br \/>\n<!-- {\"type\":\"layout\",\"children\":[{\"type\":\"section\",\"props\":{\"image_position\":\"center-center\",\"style\":\"default\",\"title_breakpoint\":\"xl\",\"title_position\":\"top-left\",\"title_rotation\":\"left\",\"vertical_align\":\"middle\",\"width\":\"default\"},\"children\":[{\"type\":\"row\",\"children\":[{\"type\":\"column\",\"props\":{\"image_position\":\"center-center\",\"position_sticky_breakpoint\":\"m\"},\"children\":[{\"type\":\"text\",\"props\":{\"column_breakpoint\":\"m\",\"content\":\"\n\n<h1 class=\\\"uk-h3\\\">Datenschutz<\\\/h1>\\n\n\n<p class=\\\"uk-text-small\\\">Gest\\u00fctzt auf Artikel 13 der schweizerischen Bundesverfassung und die datenschutzrechtlichen Bestimmungen des Bundes (Datenschutzgesetz, DSG) hat jede Person Anspruch auf Schutz ihrer Privatsph\\u00e4re sowie auf Schutz vor Missbrauch ihrer pers\\u00f6nlichen Daten. Wir halten diese Bestimmungen ein. Pers\\u00f6nliche Daten werden streng vertraulich behandelt und weder an Dritte verkauft noch weiter gegeben.<\\\/p>\\n\n\n<p class=\\\"uk-text-small\\\">In enger Zusammenarbeit mit unseren Hosting-Providern bem\\u00fchen wir uns, die Datenbanken so gut wie m\\u00f6glich vor fremden Zugriffen, Verlusten, Missbrauch oder vor F\\u00e4lschung zu sch\\u00fctzen.<\\\/p>\\n\n\n<p class=\\\"uk-text-small\\\">Beim Zugriff auf unsere Webseiten werden folgende Daten in Logfiles gespeichert: IP-Adresse, Datum, Uhrzeit, Browser-Anfrage und allg. \\u00fcbertragene Informationen zum Betriebssystem resp. Browser. Diese Nutzungsdaten bilden die Basis f\\u00fcr statistische, anonyme Auswertungen, so dass Trends erkennbar sind, anhand derer wir unsere Angebote entsprechend verbessern k\\u00f6nnen.<\\\/p>\\n\n\n<h2 class=\\\"uk-h4\\\">Datenschutzerkl\\u00e4rung f\\u00fcr die Nutzung von Google Analytics:<\\\/h2>\\n\n\n<p class=\\\"uk-text-small\\\">Diese Website benutzt Google Analytics, einen Webanalysedienst der Google Inc. (\\\"Google\\\"). Google Analytics verwendet sog. \\\"Cookies\\\", Textdateien, die auf Ihrem Computer gespeichert werden und die eine Analyse der Benutzung der Website durch Sie erm\\u00f6glichen. Die durch den Cookie erzeugten Informationen \\u00fcber Ihre Benutzung dieser Website werden in der Regel an einen Server von Google in den USA \\u00fcbertragen und dort gespeichert. Im Falle der Aktivierung der IP-Anonymisierung auf dieser Webseite wird Ihre IP-Adresse von Google jedoch innerhalb von Mitgliedstaaten der Europ\\u00e4ischen Union oder in anderen Vertragsstaaten des Abkommens \\u00fcber den Europ\\u00e4ischen Wirtschaftsraum zuvor gek\\u00fcrzt.<\\\/p>\\n\n\n<p class=\\\"uk-text-small\\\">Nur in Ausnahmef\\u00e4llen wird die volle IP-Adresse an einen Server von Google in den USA \\u00fcbertragen und dort gek\\u00fcrzt. Google wird diese Informationen benutzen, um Ihre Nutzung der Website auszuwerten, um Reports \\u00fcber die Websiteaktivit\\u00e4ten f\\u00fcr die Websitebetreiber zusammenzustellen und um weitere mit der Websitenutzung und der Internetnutzung verbundene Dienstleistungen zu erbringen. Auch wird Google diese Informationen gegebenenfalls an Dritte \\u00fcbertragen, sofern dies gesetzlich vorgeschrieben oder soweit Dritte diese Daten im Auftrag von Google verarbeiten. Die im Rahmen von Google Analytics von Ihrem Browser \\u00fcbermittelte IP-Adresse wird nicht mit anderen Daten von Google zusammengef\\u00fchrt.<\\\/p>\\n\n\n<p class=\\\"uk-text-small\\\">Sie k\\u00f6nnen die Installation der Cookies durch eine entsprechende Einstellung Ihrer Browser Software verhindern; wir weisen Sie jedoch darauf hin, dass Sie in diesem Fall gegebenenfalls nicht s\\u00e4mtliche Funktionen dieser Website voll umf\\u00e4nglich nutzen k\\u00f6nnen. Durch die Nutzung dieser Website erkl\\u00e4ren Sie sich mit der Bearbeitung der \\u00fcber Sie erhobenen Daten durch Google in der zuvor beschriebenen Art und Weise und zu dem zuvor benannten Zweck einverstanden.<\\\/p>\\n\n\n<h2 class=\\\"uk-h4\\\">Datenschutzbeauftragte:<\\\/h2>\\n\n\n<p class=\\\"uk-text-small\\\">Claudia Buchman, Belvalor AG, <a href=\\\"mailto:info@belvalor.ch\\\">info@belvalor.ch<\\\/a><\\\/p>\",\"margin\":\"default\"}}]}]}]}],\"version\":\"4.3.13\"} --><\/p>\n","protected":false},"excerpt":{"rendered":"<p>Datenschutz Gest\u00fctzt auf Artikel 13 der schweizerischen Bundesverfassung und die datenschutzrechtlichen Bestimmungen des Bundes (Datenschutzgesetz, DSG) hat jede Person Anspruch auf Schutz ihrer Privatsph\u00e4re sowie auf Schutz vor Missbrauch ihrer pers\u00f6nlichen Daten. Wir halten diese Bestimmungen ein. Pers\u00f6nliche Daten werden streng vertraulich behandelt und weder an Dritte verkauft noch weiter gegeben. In enger Zusammenarbeit mit [&hellip;]<\/p>\n","protected":false},"author":1,"featured_media":0,"parent":0,"menu_order":10,"comment_status":"closed","ping_status":"closed","template":"","meta":{"_acf_changed":false,"footnotes":""},"acf":[],"_links":{"self":[{"href":"https:\/\/belvalor.ch\/staging\/wp-json\/wp\/v2\/pages\/1982"}],"collection":[{"href":"https:\/\/belvalor.ch\/staging\/wp-json\/wp\/v2\/pages"}],"about":[{"href":"https:\/\/belvalor.ch\/staging\/wp-json\/wp\/v2\/types\/page"}],"author":[{"embeddable":true,"href":"https:\/\/belvalor.ch\/staging\/wp-json\/wp\/v2\/users\/1"}],"replies":[{"embeddable":true,"href":"https:\/\/belvalor.ch\/staging\/wp-json\/wp\/v2\/comments?post=1982"}],"version-history":[{"count":16,"href":"https:\/\/belvalor.ch\/staging\/wp-json\/wp\/v2\/pages\/1982\/revisions"}],"predecessor-version":[{"id":5476,"href":"https:\/\/belvalor.ch\/staging\/wp-json\/wp\/v2\/pages\/1982\/revisions\/5476"}],"wp:attachment":[{"href":"https:\/\/belvalor.ch\/staging\/wp-json\/wp\/v2\/media?parent=1982"}],"curies":[{"name":"wp","href":"https:\/\/api.w.org\/{rel}","templated":true}]}}